{"id":380,"date":"2021-02-01T19:01:32","date_gmt":"2021-02-01T19:01:32","guid":{"rendered":"https:\/\/monacorepairs.com\/home-2\/"},"modified":"2022-05-23T14:05:58","modified_gmt":"2022-05-23T14:05:58","slug":"home-2","status":"publish","type":"page","link":"https:\/\/monacorepairs.com\/fr\/","title":{"rendered":"Home"},"content":{"rendered":"<div class=\"wpb-content-wrapper\"><p>[vc_row css=\u00a0\u00bb.vc_custom_1613899270234{background-color: #1c1f44 !important;}\u00a0\u00bb][vc_column width=\u00a0\u00bb1\/2&Prime;][vc_column_text]<\/p>\n<h3 style=\"color: #fff; font-size: 26px;\">Services de r\u00e9paration, de vernissage et de nettoyage du cuir, du simili cuir, des plastiques, des tapisseries et des garnitures int\u00e9rieures.<\/h3>\n<h3 style=\"color: #fff; font-size: 26px;\">ASSAINISSEMENT et D\u00c9SINFECTION int\u00e9rieurs de v\u00e9hicules, bateaux et avions<br \/>\nNous effectuons un SERVICE \u00c0 DOMICILE par nos artisans sp\u00e9cialis\u00e9s avec vingt ans d\u2019exp\u00e9rience.<\/h3>\n<p>&nbsp;<\/p>\n<p>&nbsp;<\/p>\n<p>&nbsp;<\/p>\n<p><img decoding=\"async\" class=\"size-full wp-image-160 aligncenter\" src=\"https:\/\/monacorepairs.com\/wp-content\/uploads\/2021\/02\/monaco-repairs-logo-white.png\" alt=\"\" width=\"300\" srcset=\"https:\/\/monacorepairs.com\/wp-content\/uploads\/2021\/02\/monaco-repairs-logo-white.png 569w, https:\/\/monacorepairs.com\/wp-content\/uploads\/2021\/02\/monaco-repairs-logo-white-300x127.png 300w\" sizes=\"(max-width: 569px) 100vw, 569px\" \/>[\/vc_column_text][\/vc_column][vc_column width=\u00a0\u00bb1\/2&Prime;][vc_gallery interval=\u00a0\u00bb3&Prime; images=\u00a0\u00bb175,178,181&Prime; img_size=\u00a0\u00bbfull\u00a0\u00bb][\/vc_column][\/vc_row][vc_row foundry_background_style=\u00a0\u00bbbg-secondary\u00a0\u00bb el_id=\u00a0\u00bbabout\u00a0\u00bb css=\u00a0\u00bb.vc_custom_1613901908433{background-position: center !important;background-repeat: no-repeat !important;background-size: contain !important;}\u00a0\u00bb][vc_column][foundry_text_image layout=\u00a0\u00bbshadow-left\u00a0\u00bb image=\u00a0\u00bb157&Prime;][vc_column_text]<\/p>\n<h3><\/h3>\n<h3>Nos \u0153uvres<\/h3>\n<p>La proc\u00e9dure est similaire \u00e0 celle que on effectue sur la carrosserie, apr\u00e8s un lavage en profondeur on arrive au pon\u00e7age en deux passages, puis \u00e0 la r\u00e9daction d\u2019une sertissage et n.2 peinture avec une pistolet \u00e0 air, enfin on \u00e9tire un \u00e9lastifiant transparent.<br \/>\nApr\u00e8s le lavage et l\u2019\u00e9ventuel remplacement \/ restauration, chaque partie en peau peut \u00eatre prot\u00e9g\u00e9e avec cr\u00e8mes hydratantes ou produits nanotechnologies capables de conserver la beaut\u00e9 par la salet\u00e9 et par la d\u00e9coloration caus\u00e9e par les rayons uv.<\/p>\n<p>Les interventions de vernissage sont ex\u00e9cut\u00e9es avec produits bas\u00e9s sur eau atoxiques.[\/vc_column_text][\/foundry_text_image][\/vc_column][\/vc_row][vc_row foundry_background_style=\u00a0\u00bbbg-secondary\u00a0\u00bb foundry_padding=\u00a0\u00bbpt0&Prime; el_id=\u00a0\u00bbservices\u00a0\u00bb][vc_column][vc_row_inner][vc_column_inner][vc_column_text]<\/p>\n<h3 style=\"text-align: center;\">VOITURES<\/h3>\n<p class=\"mb0\" style=\"text-align: center;\">Nous r\u00e9parons les DOMMAGES ET LES D\u00c9CHIRURES, comme les br\u00fblures de cigarette et la SIMPLE USURE.<\/p>\n<p>[\/vc_column_text][\/vc_column_inner][\/vc_row_inner][vc_row_inner][vc_column_inner width=\u00a0\u00bb1\/2&Prime;][vc_single_image image=\u00a0\u00bb138&Prime; img_size=\u00a0\u00bbfull\u00a0\u00bb title=\u00a0\u00bbAvant\u00a0\u00bb][\/vc_column_inner][vc_column_inner width=\u00a0\u00bb1\/2&Prime;][vc_single_image image=\u00a0\u00bb136&Prime; img_size=\u00a0\u00bbfull\u00a0\u00bb title=\u00a0\u00bbApr\u00e8s\u00a0\u00bb][\/vc_column_inner][\/vc_row_inner][\/vc_column][\/vc_row][vc_row foundry_background_style=\u00a0\u00bbbg-secondary\u00a0\u00bb foundry_padding=\u00a0\u00bbpt0&Prime;][vc_column][vc_row_inner][vc_column_inner][vc_column_text]<\/p>\n<h3 style=\"text-align: center;\">BATEAUX<\/h3>\n<p style=\"text-align: center;\">Nous fournissons un service de <strong>R\u00c9G\u00c9N\u00c9RATION<\/strong> et des TAPISSERIE int\u00e9rieur de bateaux et yacht.<\/p>\n<p>[\/vc_column_text][\/vc_column_inner][\/vc_row_inner][vc_row_inner][vc_column_inner width=\u00a0\u00bb1\/2&Prime;][vc_single_image image=\u00a0\u00bb142&Prime; img_size=\u00a0\u00bbfull\u00a0\u00bb title=\u00a0\u00bbAvant\u00a0\u00bb][\/vc_column_inner][vc_column_inner width=\u00a0\u00bb1\/2&Prime;][vc_single_image image=\u00a0\u00bb140&Prime; img_size=\u00a0\u00bbfull\u00a0\u00bb title=\u00a0\u00bbApr\u00e8s\u00a0\u00bb][\/vc_column_inner][\/vc_row_inner][\/vc_column][\/vc_row][vc_row foundry_background_style=\u00a0\u00bbbg-secondary\u00a0\u00bb foundry_padding=\u00a0\u00bbpt0&Prime;][vc_column][vc_row_inner][vc_column_inner][vc_column_text]<\/p>\n<h3 style=\"text-align: center;\">AVIONS<\/h3>\n<p style=\"text-align: center;\">Nous somme sp\u00e9cialis\u00e9s dans la restauration interne d\u2019avions priv\u00e9s, r\u00e9alis\u00e9 avec <strong>PEINTURES NON TOXIQUES<\/strong> et avec <strong>MAT\u00c9RIAUX IGNIFUGES<\/strong><\/p>\n<p>[\/vc_column_text][\/vc_column_inner][\/vc_row_inner][vc_row_inner][vc_column_inner width=\u00a0\u00bb1\/2&Prime;][vc_single_image image=\u00a0\u00bb221&Prime; img_size=\u00a0\u00bbfull\u00a0\u00bb title=\u00a0\u00bbAvant\u00a0\u00bb][\/vc_column_inner][vc_column_inner width=\u00a0\u00bb1\/2&Prime;][vc_single_image image=\u00a0\u00bb224&Prime; img_size=\u00a0\u00bbfull\u00a0\u00bb title=\u00a0\u00bbApr\u00e8s\u00a0\u00bb][\/vc_column_inner][\/vc_row_inner][\/vc_column][\/vc_row][vc_row foundry_background_style=\u00a0\u00bbbg-secondary\u00a0\u00bb css=\u00a0\u00bb.vc_custom_1613901491542{background-position: center !important;background-repeat: no-repeat !important;background-size: cover !important;}\u00a0\u00bb][vc_column][vc_column_text]\n<div id=\"sb_instagram\"  class=\"sbi sbi_mob_col_1 sbi_tab_col_2 sbi_col_4 sbi_width_resp\" style=\"padding-bottom: 10px;\" data-feedid=\"*1\"  data-res=\"auto\" data-cols=\"4\" data-colsmobile=\"1\" data-colstablet=\"2\" data-num=\"20\" data-nummobile=\"20\" data-item-padding=\"5\" data-shortcode-atts=\"{&quot;feed&quot;:&quot;1&quot;,&quot;cachetime&quot;:30}\"  data-postid=\"380\" data-locatornonce=\"d450691ae3\" data-sbi-flags=\"favorLocal,gdpr\">\n\t\n    <div id=\"sbi_images\"  style=\"gap: 10px;\">\n\t\t    <\/div>\n\n\t<div id=\"sbi_load\" >\n\n\t\n\t\t\t<span class=\"sbi_follow_btn sbi_custom\">\n        <a href=\"https:\/\/www.instagram.com\/17841445577395076\/\" style=\"background: rgb(64,139,209);\" target=\"_blank\" rel=\"nofollow noopener\">\n            <svg class=\"svg-inline--fa fa-instagram fa-w-14\" aria-hidden=\"true\" data-fa-processed=\"\" aria-label=\"Instagram\" data-prefix=\"fab\" data-icon=\"instagram\" role=\"img\" viewBox=\"0 0 448 512\">\n\t                <path fill=\"currentColor\" d=\"M224.1 141c-63.6 0-114.9 51.3-114.9 114.9s51.3 114.9 114.9 114.9S339 319.5 339 255.9 287.7 141 224.1 141zm0 189.6c-41.1 0-74.7-33.5-74.7-74.7s33.5-74.7 74.7-74.7 74.7 33.5 74.7 74.7-33.6 74.7-74.7 74.7zm146.4-194.3c0 14.9-12 26.8-26.8 26.8-14.9 0-26.8-12-26.8-26.8s12-26.8 26.8-26.8 26.8 12 26.8 26.8zm76.1 27.2c-1.7-35.9-9.9-67.7-36.2-93.9-26.2-26.2-58-34.4-93.9-36.2-37-2.1-147.9-2.1-184.9 0-35.8 1.7-67.6 9.9-93.9 36.1s-34.4 58-36.2 93.9c-2.1 37-2.1 147.9 0 184.9 1.7 35.9 9.9 67.7 36.2 93.9s58 34.4 93.9 36.2c37 2.1 147.9 2.1 184.9 0 35.9-1.7 67.7-9.9 93.9-36.2 26.2-26.2 34.4-58 36.2-93.9 2.1-37 2.1-147.8 0-184.8zM398.8 388c-7.8 19.6-22.9 34.7-42.6 42.6-29.5 11.7-99.5 9-132.1 9s-102.7 2.6-132.1-9c-19.6-7.8-34.7-22.9-42.6-42.6-11.7-29.5-9-99.5-9-132.1s-2.6-102.7 9-132.1c7.8-19.6 22.9-34.7 42.6-42.6 29.5-11.7 99.5-9 132.1-9s102.7-2.6 132.1 9c19.6 7.8 34.7 22.9 42.6 42.6 11.7 29.5 9 99.5 9 132.1s2.7 102.7-9 132.1z\"><\/path>\n\t            <\/svg>            <span>Suivre sur Instagram<\/span>\n        <\/a>\n    <\/span>\n\t\n<\/div>\n\n\t    <span class=\"sbi_resized_image_data\" data-feed-id=\"*1\" data-resized=\"[]\">\n\t<\/span>\n\t<\/div>\n\n[\/vc_column_text][\/vc_column][\/vc_row][vc_row css=\u00a0\u00bb.vc_custom_1612616789095{background-color: #f2efeb !important;}\u00a0\u00bb el_id=\u00a0\u00bbcontact\u00a0\u00bb][vc_column width=\u00a0\u00bb1\/2&Prime;]\n<div class=\"wpcf7 no-js\" id=\"wpcf7-f441-o1\" lang=\"it-IT\" dir=\"ltr\" data-wpcf7-id=\"441\">\n<div class=\"screen-reader-response\"><p role=\"status\" aria-live=\"polite\" aria-atomic=\"true\"><\/p> <ul><\/ul><\/div>\n<form action=\"\/fr\/wp-json\/wp\/v2\/pages\/380#wpcf7-f441-o1\" method=\"post\" class=\"wpcf7-form init\" aria-label=\"Modulo di contatto\" novalidate=\"novalidate\" data-status=\"init\">\n<div style=\"display: none;\">\n<input type=\"hidden\" name=\"_wpcf7\" value=\"441\" \/>\n<input type=\"hidden\" name=\"_wpcf7_version\" value=\"6.0.5\" \/>\n<input type=\"hidden\" name=\"_wpcf7_locale\" value=\"it_IT\" \/>\n<input type=\"hidden\" name=\"_wpcf7_unit_tag\" value=\"wpcf7-f441-o1\" \/>\n<input type=\"hidden\" name=\"_wpcf7_container_post\" value=\"0\" \/>\n<input type=\"hidden\" name=\"_wpcf7_posted_data_hash\" value=\"\" \/>\n<\/div>\n<p><label> Nom<br \/>\n<span class=\"wpcf7-form-control-wrap\" data-name=\"your-name\"><input size=\"40\" maxlength=\"400\" class=\"wpcf7-form-control wpcf7-text wpcf7-validates-as-required\" aria-required=\"true\" aria-invalid=\"false\" value=\"\" type=\"text\" name=\"your-name\" \/><\/span> <\/label>\n<\/p>\n<p><label> email<br \/>\n<span class=\"wpcf7-form-control-wrap\" data-name=\"your-email\"><input size=\"40\" maxlength=\"400\" class=\"wpcf7-form-control wpcf7-email wpcf7-validates-as-required wpcf7-text wpcf7-validates-as-email\" aria-required=\"true\" aria-invalid=\"false\" value=\"\" type=\"email\" name=\"your-email\" \/><\/span> <\/label>\n<\/p>\n<p><label> Sujet<br \/>\n<span class=\"wpcf7-form-control-wrap\" data-name=\"your-subject\"><input size=\"40\" maxlength=\"400\" class=\"wpcf7-form-control wpcf7-text wpcf7-validates-as-required\" aria-required=\"true\" aria-invalid=\"false\" value=\"\" type=\"text\" name=\"your-subject\" \/><\/span> <\/label>\n<\/p>\n<p><label> message<br \/>\n<span class=\"wpcf7-form-control-wrap\" data-name=\"your-message\"><textarea cols=\"40\" rows=\"10\" maxlength=\"2000\" class=\"wpcf7-form-control wpcf7-textarea\" aria-invalid=\"false\" name=\"your-message\"><\/textarea><\/span> <\/label>\n<\/p>\n<p>J'accepte la <a href=\"\/it\/privacy-policy\"> politique de confidentialit\u00e9 <\/a> n\u00e9cessaire pour \u00eatre contact\u00e9\n<\/p>\n<p><span class=\"wpcf7-form-control-wrap\" data-name=\"acceptance-114\"><span class=\"wpcf7-form-control wpcf7-acceptance\"><span class=\"wpcf7-list-item\"><input type=\"checkbox\" name=\"acceptance-114\" value=\"1\" aria-invalid=\"false\" \/><\/span><\/span><\/span>\n<\/p>\n<p><input class=\"wpcf7-form-control wpcf7-submit has-spinner\" type=\"submit\" value=\"envoyer\" \/>\n<\/p><div class=\"wpcf7-response-output\" aria-hidden=\"true\"><\/div>\n<\/form>\n<\/div>\n[\/vc_column][vc_column width=\u00a0\u00bb1\/2&Prime;][vc_row_inner][vc_column_inner width=\u00a0\u00bb1\/3&Prime;][vc_column_text]<\/p>\n<h3 class=\"large mb8\" style=\"text-align: center;\">Fabio<\/h3>\n<p style=\"text-align: center;\">Tel: <a class=\"vc_icon_element-link\" style=\"font-size: 12px;\" href=\"tel:33640625750\" target=\"_self\" rel=\"noopener noreferrer\">+33 6 40 625750<\/a><\/p>\n<p><a href=\"https:\/\/wa.me\/33640625750\"><img loading=\"lazy\" decoding=\"async\" class=\"size-full wp-image-158 aligncenter\" src=\"https:\/\/monacorepairs.com\/wp-content\/uploads\/2021\/02\/001-whatsapp.png\" alt=\"\" width=\"30\" height=\"30\" srcset=\"https:\/\/monacorepairs.com\/wp-content\/uploads\/2021\/02\/001-whatsapp.png 64w, https:\/\/monacorepairs.com\/wp-content\/uploads\/2021\/02\/001-whatsapp-60x60.png 60w\" sizes=\"auto, (max-width: 30px) 100vw, 30px\" \/><\/a><\/p>\n<p><a href=\"https:\/\/t.me\/33640625750\"><img loading=\"lazy\" decoding=\"async\" class=\"size-full wp-image-158 aligncenter\" src=\"https:\/\/monacorepairs.com\/wp-content\/uploads\/2021\/02\/001-paper-plane-300x300.png\" alt=\"\" width=\"30\" height=\"30\" \/><\/a>[\/vc_column_text][\/vc_column_inner][vc_column_inner width=\u00a0\u00bb1\/3&Prime;][vc_column_text]<\/p>\n<h3 class=\"large mb8\" style=\"text-align: center;\">Stefano<\/h3>\n<p style=\"text-align: center;\">Tel: <a class=\"vc_icon_element-link\" style=\"font-size: 12px;\" href=\"tel:3281070261\" target=\"_self\" rel=\"noopener noreferrer\">+39 3281070261<\/a><\/p>\n<p><a href=\"https:\/\/wa.me\/3281070261\"><img loading=\"lazy\" decoding=\"async\" class=\"size-full wp-image-158 aligncenter\" src=\"https:\/\/monacorepairs.com\/wp-content\/uploads\/2021\/02\/001-whatsapp.png\" alt=\"\" width=\"30\" height=\"30\" srcset=\"https:\/\/monacorepairs.com\/wp-content\/uploads\/2021\/02\/001-whatsapp.png 64w, https:\/\/monacorepairs.com\/wp-content\/uploads\/2021\/02\/001-whatsapp-60x60.png 60w\" sizes=\"auto, (max-width: 30px) 100vw, 30px\" \/><\/a><br \/>\n<a href=\"https:\/\/t.me\/3281070261\"><img loading=\"lazy\" decoding=\"async\" class=\"size-full wp-image-158 aligncenter\" src=\"https:\/\/monacorepairs.com\/wp-content\/uploads\/2021\/02\/001-paper-plane-300x300.png\" alt=\"\" width=\"30\" height=\"30\" \/><\/a>[\/vc_column_text][\/vc_column_inner][vc_column_inner width=\u00a0\u00bb1\/3&Prime;][vc_column_text]<\/p>\n<h3 class=\"large mb8\" style=\"text-align: center;\">Michele<\/h3>\n<p style=\"text-align: center;\">Tel: <a class=\"vc_icon_element-link\" style=\"font-size: 12px;\" href=\"tel:3393483771\" target=\"_self\" rel=\"noopener noreferrer\">+39 3393483771<\/a><\/p>\n<p><a href=\"https:\/\/wa.me\/3393483771\"><img loading=\"lazy\" decoding=\"async\" class=\"size-full wp-image-158 aligncenter\" src=\"https:\/\/monacorepairs.com\/wp-content\/uploads\/2021\/02\/001-whatsapp.png\" alt=\"\" width=\"30\" height=\"30\" srcset=\"https:\/\/monacorepairs.com\/wp-content\/uploads\/2021\/02\/001-whatsapp.png 64w, https:\/\/monacorepairs.com\/wp-content\/uploads\/2021\/02\/001-whatsapp-60x60.png 60w\" sizes=\"auto, (max-width: 30px) 100vw, 30px\" \/><\/a><br \/>\n<a href=\"https:\/\/t.me\/3393483771\"><img loading=\"lazy\" decoding=\"async\" class=\"size-full wp-image-158 aligncenter\" src=\"https:\/\/monacorepairs.com\/wp-content\/uploads\/2021\/02\/001-paper-plane-300x300.png\" alt=\"\" width=\"30\" height=\"30\" \/><\/a>[\/vc_column_text][\/vc_column_inner][\/vc_row_inner][vc_empty_space][vc_row_inner][vc_column_inner width=\u00a0\u00bb1\/2&Prime;][vc_column_text]<a href=\"https:\/\/www.facebook.com\/Monaco-Repairs-345405416648444\" target=\"_blank\" rel=\"noopener noreferrer\"><img decoding=\"async\" class=\"alignnone size-medium wp-image-202 aligncenter\" src=\"https:\/\/monacorepairs.com\/wp-content\/uploads\/2021\/02\/001-facebook-300x300.png\" alt=\"\" width=\"50\" height=\"&quot;1002\" srcset=\"https:\/\/monacorepairs.com\/wp-content\/uploads\/2021\/02\/001-facebook-300x300.png 300w, https:\/\/monacorepairs.com\/wp-content\/uploads\/2021\/02\/001-facebook-150x150.png 150w, https:\/\/monacorepairs.com\/wp-content\/uploads\/2021\/02\/001-facebook-60x60.png 60w, https:\/\/monacorepairs.com\/wp-content\/uploads\/2021\/02\/001-facebook-500x500.png 500w, https:\/\/monacorepairs.com\/wp-content\/uploads\/2021\/02\/001-facebook.png 512w\" sizes=\"(max-width: 300px) 100vw, 300px\" \/> <\/a>[\/vc_column_text][\/vc_column_inner][vc_column_inner width=\u00a0\u00bb1\/2&Prime;][vc_column_text]<a href=\"https:\/\/www.instagram.com\/monaco_repairs\" target=\"_blank\" rel=\"noopener noreferrer\"><img loading=\"lazy\" decoding=\"async\" class=\"alignnone size-thumbnail wp-image-199 aligncenter\" src=\"https:\/\/monacorepairs.com\/wp-content\/uploads\/2021\/02\/002-instagram-150x150.png\" alt=\"\" width=\"50\" height=\"50\" srcset=\"https:\/\/monacorepairs.com\/wp-content\/uploads\/2021\/02\/002-instagram-150x150.png 150w, https:\/\/monacorepairs.com\/wp-content\/uploads\/2021\/02\/002-instagram-300x300.png 300w, https:\/\/monacorepairs.com\/wp-content\/uploads\/2021\/02\/002-instagram-60x60.png 60w, https:\/\/monacorepairs.com\/wp-content\/uploads\/2021\/02\/002-instagram-500x500.png 500w, https:\/\/monacorepairs.com\/wp-content\/uploads\/2021\/02\/002-instagram.png 512w\" sizes=\"auto, (max-width: 50px) 100vw, 50px\" \/><\/a>[\/vc_column_text][\/vc_column_inner][\/vc_row_inner][\/vc_column][\/vc_row]<\/p>\n<\/div>","protected":false},"excerpt":{"rendered":"<p>[vc_row css=\u00a0\u00bb.vc_custom_1613899270234{background-color: #1c1f44 !important;}\u00a0\u00bb][vc_column width=\u00a0\u00bb1\/2&Prime;][vc_column_text] Services de r\u00e9paration, de vernissage et de nettoyage du cuir, du simili cuir, des plastiques, des&#8230;<\/p>\n","protected":false},"author":1,"featured_media":0,"parent":0,"menu_order":0,"comment_status":"closed","ping_status":"closed","template":"","meta":{"footnotes":""},"class_list":["post-380","page","type-page","status-publish","hentry"],"yoast_head":"<!-- This site is optimized with the Yoast SEO plugin v24.6 - https:\/\/yoast.com\/wordpress\/plugins\/seo\/ -->\n<title>Monaco Repairs - Services de VERNISSAGE et R\u00c9PARATION du cuir sur voitures, bateaux et avions<\/title>\n<meta name=\"description\" content=\"Vernissage, r\u00e9paration, r\u00e9g\u00e9n\u00e9ration et nettoyage du cuir, des plastiques, des tapisseries et des garnitures int\u00e9rieures. Monaco Repairs offre un SERVICE \u00c0 DOMICILE.\" \/>\n<meta name=\"robots\" content=\"index, follow, max-snippet:-1, max-image-preview:large, max-video-preview:-1\" \/>\n<link rel=\"canonical\" href=\"https:\/\/monacorepairs.com\/fr\/\" \/>\n<meta property=\"og:locale\" content=\"fr_FR\" \/>\n<meta property=\"og:type\" content=\"article\" \/>\n<meta property=\"og:title\" content=\"Monaco Repairs - Services de VERNISSAGE et R\u00c9PARATION du cuir sur voitures, bateaux et avions\" \/>\n<meta property=\"og:description\" content=\"Vernissage, r\u00e9paration, r\u00e9g\u00e9n\u00e9ration et nettoyage du cuir, des plastiques, des tapisseries et des garnitures int\u00e9rieures. Monaco Repairs offre un SERVICE \u00c0 DOMICILE.\" \/>\n<meta property=\"og:url\" content=\"https:\/\/monacorepairs.com\/fr\/\" \/>\n<meta property=\"og:site_name\" content=\"Monaco Repairs\" \/>\n<meta property=\"article:modified_time\" content=\"2022-05-23T14:05:58+00:00\" \/>\n<meta property=\"og:image\" content=\"https:\/\/monacorepairs.com\/wp-content\/uploads\/2021\/02\/monaco-repairs-logo-white.png\" \/>\n<meta name=\"twitter:card\" content=\"summary_large_image\" \/>\n<meta name=\"twitter:label1\" content=\"Dur\u00e9e de lecture estim\u00e9e\" \/>\n\t<meta name=\"twitter:data1\" content=\"4 minutes\" \/>\n<script type=\"application\/ld+json\" class=\"yoast-schema-graph\">{\"@context\":\"https:\/\/schema.org\",\"@graph\":[{\"@type\":\"WebPage\",\"@id\":\"https:\/\/monacorepairs.com\/fr\/\",\"url\":\"https:\/\/monacorepairs.com\/fr\/\",\"name\":\"Monaco Repairs - Services de VERNISSAGE et R\u00c9PARATION du cuir sur voitures, bateaux et avions\",\"isPartOf\":{\"@id\":\"https:\/\/monacorepairs.com\/fr\/#website\"},\"primaryImageOfPage\":{\"@id\":\"https:\/\/monacorepairs.com\/fr\/#primaryimage\"},\"image\":{\"@id\":\"https:\/\/monacorepairs.com\/fr\/#primaryimage\"},\"thumbnailUrl\":\"https:\/\/monacorepairs.com\/wp-content\/uploads\/2021\/02\/monaco-repairs-logo-white.png\",\"datePublished\":\"2021-02-01T19:01:32+00:00\",\"dateModified\":\"2022-05-23T14:05:58+00:00\",\"description\":\"Vernissage, r\u00e9paration, r\u00e9g\u00e9n\u00e9ration et nettoyage du cuir, des plastiques, des tapisseries et des garnitures int\u00e9rieures. Monaco Repairs offre un SERVICE \u00c0 DOMICILE.\",\"breadcrumb\":{\"@id\":\"https:\/\/monacorepairs.com\/fr\/#breadcrumb\"},\"inLanguage\":\"fr-FR\",\"potentialAction\":[{\"@type\":\"ReadAction\",\"target\":[\"https:\/\/monacorepairs.com\/fr\/\"]}]},{\"@type\":\"ImageObject\",\"inLanguage\":\"fr-FR\",\"@id\":\"https:\/\/monacorepairs.com\/fr\/#primaryimage\",\"url\":\"https:\/\/monacorepairs.com\/wp-content\/uploads\/2021\/02\/monaco-repairs-logo-white.png\",\"contentUrl\":\"https:\/\/monacorepairs.com\/wp-content\/uploads\/2021\/02\/monaco-repairs-logo-white.png\"},{\"@type\":\"BreadcrumbList\",\"@id\":\"https:\/\/monacorepairs.com\/fr\/#breadcrumb\",\"itemListElement\":[{\"@type\":\"ListItem\",\"position\":1,\"name\":\"Home\",\"item\":\"https:\/\/monacorepairs.com\/fr\/\"},{\"@type\":\"ListItem\",\"position\":2,\"name\":\"Home\"}]},{\"@type\":\"WebSite\",\"@id\":\"https:\/\/monacorepairs.com\/fr\/#website\",\"url\":\"https:\/\/monacorepairs.com\/fr\/\",\"name\":\"Monaco Repairs\",\"description\":\"Monaco Repairs for your car, boat and planes\",\"publisher\":{\"@id\":\"https:\/\/monacorepairs.com\/fr\/#organization\"},\"potentialAction\":[{\"@type\":\"SearchAction\",\"target\":{\"@type\":\"EntryPoint\",\"urlTemplate\":\"https:\/\/monacorepairs.com\/fr\/?s={search_term_string}\"},\"query-input\":{\"@type\":\"PropertyValueSpecification\",\"valueRequired\":true,\"valueName\":\"search_term_string\"}}],\"inLanguage\":\"fr-FR\"},{\"@type\":\"Organization\",\"@id\":\"https:\/\/monacorepairs.com\/fr\/#organization\",\"name\":\"Monaco Repairs\",\"url\":\"https:\/\/monacorepairs.com\/fr\/\",\"logo\":{\"@type\":\"ImageObject\",\"inLanguage\":\"fr-FR\",\"@id\":\"https:\/\/monacorepairs.com\/fr\/#\/schema\/logo\/image\/\",\"url\":\"https:\/\/monacorepairs.com\/wp-content\/uploads\/2021\/02\/logo-monaco-repairs.jpg\",\"contentUrl\":\"https:\/\/monacorepairs.com\/wp-content\/uploads\/2021\/02\/logo-monaco-repairs.jpg\",\"width\":757,\"height\":260,\"caption\":\"Monaco Repairs\"},\"image\":{\"@id\":\"https:\/\/monacorepairs.com\/fr\/#\/schema\/logo\/image\/\"},\"sameAs\":[\"https:\/\/www.instagram.com\/monaco_repairs\"]}]}<\/script>\n<!-- \/ Yoast SEO plugin. -->","yoast_head_json":{"title":"Monaco Repairs - Services de VERNISSAGE et R\u00c9PARATION du cuir sur voitures, bateaux et avions","description":"Vernissage, r\u00e9paration, r\u00e9g\u00e9n\u00e9ration et nettoyage du cuir, des plastiques, des tapisseries et des garnitures int\u00e9rieures. Monaco Repairs offre un SERVICE \u00c0 DOMICILE.","robots":{"index":"index","follow":"follow","max-snippet":"max-snippet:-1","max-image-preview":"max-image-preview:large","max-video-preview":"max-video-preview:-1"},"canonical":"https:\/\/monacorepairs.com\/fr\/","og_locale":"fr_FR","og_type":"article","og_title":"Monaco Repairs - Services de VERNISSAGE et R\u00c9PARATION du cuir sur voitures, bateaux et avions","og_description":"Vernissage, r\u00e9paration, r\u00e9g\u00e9n\u00e9ration et nettoyage du cuir, des plastiques, des tapisseries et des garnitures int\u00e9rieures. Monaco Repairs offre un SERVICE \u00c0 DOMICILE.","og_url":"https:\/\/monacorepairs.com\/fr\/","og_site_name":"Monaco Repairs","article_modified_time":"2022-05-23T14:05:58+00:00","og_image":[{"url":"https:\/\/monacorepairs.com\/wp-content\/uploads\/2021\/02\/monaco-repairs-logo-white.png","type":"","width":"","height":""}],"twitter_card":"summary_large_image","twitter_misc":{"Dur\u00e9e de lecture estim\u00e9e":"4 minutes"},"schema":{"@context":"https:\/\/schema.org","@graph":[{"@type":"WebPage","@id":"https:\/\/monacorepairs.com\/fr\/","url":"https:\/\/monacorepairs.com\/fr\/","name":"Monaco Repairs - Services de VERNISSAGE et R\u00c9PARATION du cuir sur voitures, bateaux et avions","isPartOf":{"@id":"https:\/\/monacorepairs.com\/fr\/#website"},"primaryImageOfPage":{"@id":"https:\/\/monacorepairs.com\/fr\/#primaryimage"},"image":{"@id":"https:\/\/monacorepairs.com\/fr\/#primaryimage"},"thumbnailUrl":"https:\/\/monacorepairs.com\/wp-content\/uploads\/2021\/02\/monaco-repairs-logo-white.png","datePublished":"2021-02-01T19:01:32+00:00","dateModified":"2022-05-23T14:05:58+00:00","description":"Vernissage, r\u00e9paration, r\u00e9g\u00e9n\u00e9ration et nettoyage du cuir, des plastiques, des tapisseries et des garnitures int\u00e9rieures. Monaco Repairs offre un SERVICE \u00c0 DOMICILE.","breadcrumb":{"@id":"https:\/\/monacorepairs.com\/fr\/#breadcrumb"},"inLanguage":"fr-FR","potentialAction":[{"@type":"ReadAction","target":["https:\/\/monacorepairs.com\/fr\/"]}]},{"@type":"ImageObject","inLanguage":"fr-FR","@id":"https:\/\/monacorepairs.com\/fr\/#primaryimage","url":"https:\/\/monacorepairs.com\/wp-content\/uploads\/2021\/02\/monaco-repairs-logo-white.png","contentUrl":"https:\/\/monacorepairs.com\/wp-content\/uploads\/2021\/02\/monaco-repairs-logo-white.png"},{"@type":"BreadcrumbList","@id":"https:\/\/monacorepairs.com\/fr\/#breadcrumb","itemListElement":[{"@type":"ListItem","position":1,"name":"Home","item":"https:\/\/monacorepairs.com\/fr\/"},{"@type":"ListItem","position":2,"name":"Home"}]},{"@type":"WebSite","@id":"https:\/\/monacorepairs.com\/fr\/#website","url":"https:\/\/monacorepairs.com\/fr\/","name":"Monaco Repairs","description":"Monaco Repairs for your car, boat and planes","publisher":{"@id":"https:\/\/monacorepairs.com\/fr\/#organization"},"potentialAction":[{"@type":"SearchAction","target":{"@type":"EntryPoint","urlTemplate":"https:\/\/monacorepairs.com\/fr\/?s={search_term_string}"},"query-input":{"@type":"PropertyValueSpecification","valueRequired":true,"valueName":"search_term_string"}}],"inLanguage":"fr-FR"},{"@type":"Organization","@id":"https:\/\/monacorepairs.com\/fr\/#organization","name":"Monaco Repairs","url":"https:\/\/monacorepairs.com\/fr\/","logo":{"@type":"ImageObject","inLanguage":"fr-FR","@id":"https:\/\/monacorepairs.com\/fr\/#\/schema\/logo\/image\/","url":"https:\/\/monacorepairs.com\/wp-content\/uploads\/2021\/02\/logo-monaco-repairs.jpg","contentUrl":"https:\/\/monacorepairs.com\/wp-content\/uploads\/2021\/02\/logo-monaco-repairs.jpg","width":757,"height":260,"caption":"Monaco Repairs"},"image":{"@id":"https:\/\/monacorepairs.com\/fr\/#\/schema\/logo\/image\/"},"sameAs":["https:\/\/www.instagram.com\/monaco_repairs"]}]}},"_links":{"self":[{"href":"https:\/\/monacorepairs.com\/fr\/wp-json\/wp\/v2\/pages\/380","targetHints":{"allow":["GET"]}}],"collection":[{"href":"https:\/\/monacorepairs.com\/fr\/wp-json\/wp\/v2\/pages"}],"about":[{"href":"https:\/\/monacorepairs.com\/fr\/wp-json\/wp\/v2\/types\/page"}],"author":[{"embeddable":true,"href":"https:\/\/monacorepairs.com\/fr\/wp-json\/wp\/v2\/users\/1"}],"replies":[{"embeddable":true,"href":"https:\/\/monacorepairs.com\/fr\/wp-json\/wp\/v2\/comments?post=380"}],"version-history":[{"count":19,"href":"https:\/\/monacorepairs.com\/fr\/wp-json\/wp\/v2\/pages\/380\/revisions"}],"predecessor-version":[{"id":604,"href":"https:\/\/monacorepairs.com\/fr\/wp-json\/wp\/v2\/pages\/380\/revisions\/604"}],"wp:attachment":[{"href":"https:\/\/monacorepairs.com\/fr\/wp-json\/wp\/v2\/media?parent=380"}],"curies":[{"name":"wp","href":"https:\/\/api.w.org\/{rel}","templated":true}]}}